{"id":2738,"date":"2024-01-03T15:57:07","date_gmt":"2024-01-03T14:57:07","guid":{"rendered":"http:\/\/stephanie-sexologuebordeaux.fr\/?page_id=2738"},"modified":"2024-01-03T16:09:27","modified_gmt":"2024-01-03T15:09:27","slug":"qui-suis-je-v2","status":"publish","type":"page","link":"https:\/\/stephanie-sexologuebordeaux.fr\/?page_id=2738","title":{"rendered":"Qui suis-je ?"},"content":{"rendered":"<div class=\"fusion-fullwidth fullwidth-box fusion-builder-row-1 fusion-flex-container nonhundred-percent-fullwidth non-hundred-percent-height-scrolling fusion-animated\" style=\"--awb-border-radius-top-left:0px;--awb-border-radius-top-right:0px;--awb-border-radius-bottom-right:0px;--awb-border-radius-bottom-left:0px;--awb-padding-top:2vw;--awb-padding-bottom:7vw;--awb-padding-top-small:0px;--awb-padding-right-small:12vw;--awb-padding-bottom-small:12vw;--awb-padding-left-small:12vw;--awb-flex-wrap:wrap;\" data-animationType=\"fadeInUp\" data-animationDuration=\"1.2\" data-animationOffset=\"top-into-view\" ><div class=\"fusion-builder-row fusion-row fusion-flex-align-items-flex-start fusion-flex-content-wrap\" style=\"max-width:1365px;margin-left: calc(-5% \/ 2 );margin-right: calc(-5% \/ 2 );\"><div class=\"fusion-layout-column fusion_builder_column fusion-builder-column-0 fusion_builder_column_1_3 1_3 fusion-flex-column\" style=\"--awb-bg-blend:overlay;--awb-bg-size:cover;--awb-width-large:33.333333333333%;--awb-margin-top-large:0px;--awb-spacing-right-large:5.7%;--awb-margin-bottom-large:0px;--awb-spacing-left-large:7.125%;--awb-width-medium:33.333333333333%;--awb-spacing-right-medium:5.7%;--awb-spacing-left-medium:7.125%;--awb-width-small:100%;--awb-spacing-right-small:2.375%;--awb-spacing-left-small:2.375%;\"><div class=\"fusion-column-wrapper fusion-flex-justify-content-flex-start fusion-content-layout-column\"><div class=\"fusion-title title fusion-title-1 fusion-sep-none fusion-title-text fusion-title-size-two\" style=\"--awb-text-color:#ffffff;\"><h2 class=\"fusion-title-heading title-heading-left\" style=\"margin:0;line-height:1.3em;\">Il est primordial pour les personnes qui souffrent de dysfonctions sexuelles de trouver un th\u00e9rapeute et un interlocuteur comp\u00e9tent.<\/h2><\/div><\/div><\/div><div class=\"fusion-layout-column fusion_builder_column fusion-builder-column-1 fusion_builder_column_1_3 1_3 fusion-flex-column\" style=\"--awb-padding-top:10px;--awb-bg-blend:overlay;--awb-bg-size:cover;--awb-width-large:33.333333333333%;--awb-margin-top-large:0px;--awb-spacing-right-large:5.7%;--awb-margin-bottom-large:0px;--awb-spacing-left-large:5.7%;--awb-width-medium:33.333333333333%;--awb-spacing-right-medium:5.7%;--awb-spacing-left-medium:5.7%;--awb-width-small:100%;--awb-spacing-right-small:2.375%;--awb-spacing-left-small:2.375%;\"><div class=\"fusion-column-wrapper fusion-flex-justify-content-flex-start fusion-content-layout-column\"><div class=\"fusion-text fusion-text-1\"><p>Infirmi\u00e8re dipl\u00f4m\u00e9e d\u2019\u00c9tat depuis 1995, j\u2019ai exerc\u00e9 \u00e0 l\u2019h\u00f4pital et suis en activit\u00e9 lib\u00e9ral depuis 2003. C\u2019est en exer\u00e7ant mon m\u00e9tier que j\u2019ai pris conscience du manque de connaissance et de l\u2019incapacit\u00e9 que nous rencontrons, en tant que soignants, de r\u00e9pondre aux probl\u00e9matiques de certains patients en ce qui concerne la sexualit\u00e9.<\/p>\n<\/div><\/div><\/div><div class=\"fusion-layout-column fusion_builder_column fusion-builder-column-2 fusion_builder_column_1_3 1_3 fusion-flex-column\" style=\"--awb-padding-top:10px;--awb-bg-blend:overlay;--awb-bg-size:cover;--awb-width-large:33.333333333333%;--awb-margin-top-large:0px;--awb-spacing-right-large:7.125%;--awb-margin-bottom-large:0px;--awb-spacing-left-large:5.7%;--awb-width-medium:33.333333333333%;--awb-spacing-right-medium:7.125%;--awb-spacing-left-medium:5.7%;--awb-width-small:100%;--awb-spacing-right-small:2.375%;--awb-spacing-left-small:2.375%;\"><div class=\"fusion-column-wrapper fusion-flex-justify-content-flex-start fusion-content-layout-column\"><div class=\"fusion-text fusion-text-2\"><p>J\u2019ai d\u00e9cid\u00e9 de me former \u00e0 la facult\u00e9 de m\u00e9decine de Bordeaux afin d\u2019obtenir le DIU de Sexologie Clinique. La prise en charge d\u2019un patient est globale, cette globalit\u00e9 int\u00e8gre la sexualit\u00e9 et le bien \u00eatre sexuel.<\/p>\n<\/div><\/div><\/div><\/div><\/div>\n","protected":false},"excerpt":{"rendered":"","protected":false},"author":1,"featured_media":2707,"parent":0,"menu_order":0,"comment_status":"closed","ping_status":"closed","template":"100-width.php","meta":{"footnotes":""},"class_list":["post-2738","page","type-page","status-publish","has-post-thumbnail","hentry"],"yoast_head":"<!-- This site is optimized with the Yoast SEO plugin v21.7 - https:\/\/yoast.com\/wordpress\/plugins\/seo\/ -->\n<title>Qui suis-je ? - St\u00e9phanie Sexologue Bordeaux<\/title>\n<meta name=\"robots\" content=\"index, follow, max-snippet:-1, max-image-preview:large, max-video-preview:-1\" \/>\n<link rel=\"canonical\" href=\"https:\/\/stephanie-sexologuebordeaux.fr\/?page_id=2738\" \/>\n<meta property=\"og:locale\" content=\"fr_FR\" \/>\n<meta property=\"og:type\" content=\"article\" \/>\n<meta property=\"og:title\" content=\"Qui suis-je ? - St\u00e9phanie Sexologue Bordeaux\" \/>\n<meta property=\"og:url\" content=\"https:\/\/stephanie-sexologuebordeaux.fr\/?page_id=2738\" \/>\n<meta property=\"og:site_name\" content=\"St\u00e9phanie Sexologue Bordeaux\" \/>\n<meta property=\"article:modified_time\" content=\"2024-01-03T15:09:27+00:00\" \/>\n<meta property=\"og:image\" content=\"http:\/\/stephanie-sexologuebordeaux.fr\/wp-content\/uploads\/2024\/01\/Canape_light-scaled.jpg\" \/>\n\t<meta property=\"og:image:width\" content=\"2560\" \/>\n\t<meta property=\"og:image:height\" content=\"1719\" \/>\n\t<meta property=\"og:image:type\" content=\"image\/jpeg\" \/>\n<meta name=\"twitter:card\" content=\"summary_large_image\" \/>\n<meta name=\"twitter:label1\" content=\"Dur\u00e9e de lecture estim\u00e9e\" \/>\n\t<meta name=\"twitter:data1\" content=\"2 minutes\" \/>\n<script type=\"application\/ld+json\" class=\"yoast-schema-graph\">{\"@context\":\"https:\/\/schema.org\",\"@graph\":[{\"@type\":\"WebPage\",\"@id\":\"https:\/\/stephanie-sexologuebordeaux.fr\/?page_id=2738\",\"url\":\"https:\/\/stephanie-sexologuebordeaux.fr\/?page_id=2738\",\"name\":\"Qui suis-je ? - St\u00e9phanie Sexologue Bordeaux\",\"isPartOf\":{\"@id\":\"https:\/\/stephanie-sexologuebordeaux.fr\/#website\"},\"datePublished\":\"2024-01-03T14:57:07+00:00\",\"dateModified\":\"2024-01-03T15:09:27+00:00\",\"breadcrumb\":{\"@id\":\"https:\/\/stephanie-sexologuebordeaux.fr\/?page_id=2738#breadcrumb\"},\"inLanguage\":\"fr-FR\",\"potentialAction\":[{\"@type\":\"ReadAction\",\"target\":[\"https:\/\/stephanie-sexologuebordeaux.fr\/?page_id=2738\"]}]},{\"@type\":\"BreadcrumbList\",\"@id\":\"https:\/\/stephanie-sexologuebordeaux.fr\/?page_id=2738#breadcrumb\",\"itemListElement\":[{\"@type\":\"ListItem\",\"position\":1,\"name\":\"Accueil\",\"item\":\"https:\/\/stephanie-sexologuebordeaux.fr\/\"},{\"@type\":\"ListItem\",\"position\":2,\"name\":\"Qui suis-je ?\"}]},{\"@type\":\"WebSite\",\"@id\":\"https:\/\/stephanie-sexologuebordeaux.fr\/#website\",\"url\":\"https:\/\/stephanie-sexologuebordeaux.fr\/\",\"name\":\"stephanie-sexologuebordeaux.fr\",\"description\":\"Sexologue Bordeaux\",\"potentialAction\":[{\"@type\":\"SearchAction\",\"target\":{\"@type\":\"EntryPoint\",\"urlTemplate\":\"https:\/\/stephanie-sexologuebordeaux.fr\/?s={search_term_string}\"},\"query-input\":\"required name=search_term_string\"}],\"inLanguage\":\"fr-FR\"}]}<\/script>\n<!-- \/ Yoast SEO plugin. -->","yoast_head_json":{"title":"Qui suis-je ? - St\u00e9phanie Sexologue Bordeaux","robots":{"index":"index","follow":"follow","max-snippet":"max-snippet:-1","max-image-preview":"max-image-preview:large","max-video-preview":"max-video-preview:-1"},"canonical":"https:\/\/stephanie-sexologuebordeaux.fr\/?page_id=2738","og_locale":"fr_FR","og_type":"article","og_title":"Qui suis-je ? - St\u00e9phanie Sexologue Bordeaux","og_url":"https:\/\/stephanie-sexologuebordeaux.fr\/?page_id=2738","og_site_name":"St\u00e9phanie Sexologue Bordeaux","article_modified_time":"2024-01-03T15:09:27+00:00","og_image":[{"width":2560,"height":1719,"url":"http:\/\/stephanie-sexologuebordeaux.fr\/wp-content\/uploads\/2024\/01\/Canape_light-scaled.jpg","type":"image\/jpeg"}],"twitter_card":"summary_large_image","twitter_misc":{"Dur\u00e9e de lecture estim\u00e9e":"2 minutes"},"schema":{"@context":"https:\/\/schema.org","@graph":[{"@type":"WebPage","@id":"https:\/\/stephanie-sexologuebordeaux.fr\/?page_id=2738","url":"https:\/\/stephanie-sexologuebordeaux.fr\/?page_id=2738","name":"Qui suis-je ? - St\u00e9phanie Sexologue Bordeaux","isPartOf":{"@id":"https:\/\/stephanie-sexologuebordeaux.fr\/#website"},"datePublished":"2024-01-03T14:57:07+00:00","dateModified":"2024-01-03T15:09:27+00:00","breadcrumb":{"@id":"https:\/\/stephanie-sexologuebordeaux.fr\/?page_id=2738#breadcrumb"},"inLanguage":"fr-FR","potentialAction":[{"@type":"ReadAction","target":["https:\/\/stephanie-sexologuebordeaux.fr\/?page_id=2738"]}]},{"@type":"BreadcrumbList","@id":"https:\/\/stephanie-sexologuebordeaux.fr\/?page_id=2738#breadcrumb","itemListElement":[{"@type":"ListItem","position":1,"name":"Accueil","item":"https:\/\/stephanie-sexologuebordeaux.fr\/"},{"@type":"ListItem","position":2,"name":"Qui suis-je ?"}]},{"@type":"WebSite","@id":"https:\/\/stephanie-sexologuebordeaux.fr\/#website","url":"https:\/\/stephanie-sexologuebordeaux.fr\/","name":"stephanie-sexologuebordeaux.fr","description":"Sexologue Bordeaux","potentialAction":[{"@type":"SearchAction","target":{"@type":"EntryPoint","urlTemplate":"https:\/\/stephanie-sexologuebordeaux.fr\/?s={search_term_string}"},"query-input":"required name=search_term_string"}],"inLanguage":"fr-FR"}]}},"_links":{"self":[{"href":"https:\/\/stephanie-sexologuebordeaux.fr\/index.php?rest_route=\/wp\/v2\/pages\/2738","targetHints":{"allow":["GET"]}}],"collection":[{"href":"https:\/\/stephanie-sexologuebordeaux.fr\/index.php?rest_route=\/wp\/v2\/pages"}],"about":[{"href":"https:\/\/stephanie-sexologuebordeaux.fr\/index.php?rest_route=\/wp\/v2\/types\/page"}],"author":[{"embeddable":true,"href":"https:\/\/stephanie-sexologuebordeaux.fr\/index.php?rest_route=\/wp\/v2\/users\/1"}],"replies":[{"embeddable":true,"href":"https:\/\/stephanie-sexologuebordeaux.fr\/index.php?rest_route=%2Fwp%2Fv2%2Fcomments&post=2738"}],"version-history":[{"count":5,"href":"https:\/\/stephanie-sexologuebordeaux.fr\/index.php?rest_route=\/wp\/v2\/pages\/2738\/revisions"}],"predecessor-version":[{"id":2765,"href":"https:\/\/stephanie-sexologuebordeaux.fr\/index.php?rest_route=\/wp\/v2\/pages\/2738\/revisions\/2765"}],"wp:featuredmedia":[{"embeddable":true,"href":"https:\/\/stephanie-sexologuebordeaux.fr\/index.php?rest_route=\/wp\/v2\/media\/2707"}],"wp:attachment":[{"href":"https:\/\/stephanie-sexologuebordeaux.fr\/index.php?rest_route=%2Fwp%2Fv2%2Fmedia&parent=2738"}],"curies":[{"name":"wp","href":"https:\/\/api.w.org\/{rel}","templated":true}]}}