{"id":2535,"date":"2023-11-09T18:28:16","date_gmt":"2023-11-09T17:28:16","guid":{"rendered":"http:\/\/stephanie-sexologuebordeaux.fr\/?page_id=2535"},"modified":"2023-11-09T18:33:46","modified_gmt":"2023-11-09T17:33:46","slug":"informations-administratives","status":"publish","type":"page","link":"https:\/\/stephanie-sexologuebordeaux.fr\/?page_id=2535","title":{"rendered":"Informations administratives"},"content":{"rendered":"<div class=\"fusion-fullwidth fullwidth-box fusion-builder-row-1 fusion-flex-container has-pattern-background has-mask-background nonhundred-percent-fullwidth non-hundred-percent-height-scrolling\" style=\"--awb-border-radius-top-left:0px;--awb-border-radius-top-right:0px;--awb-border-radius-bottom-right:0px;--awb-border-radius-bottom-left:0px;--awb-flex-wrap:wrap;\" ><div class=\"fusion-builder-row fusion-row fusion-flex-align-items-flex-start fusion-flex-content-wrap\" style=\"max-width:1365px;margin-left: calc(-5% \/ 2 );margin-right: calc(-5% \/ 2 );\"><div class=\"fusion-layout-column fusion_builder_column fusion-builder-column-0 fusion_builder_column_1_1 1_1 fusion-flex-column\" style=\"--awb-bg-size:cover;--awb-width-large:100%;--awb-margin-top-large:0px;--awb-spacing-right-large:2.375%;--awb-margin-bottom-large:20px;--awb-spacing-left-large:2.375%;--awb-width-medium:100%;--awb-order-medium:0;--awb-spacing-right-medium:2.375%;--awb-spacing-left-medium:2.375%;--awb-width-small:100%;--awb-order-small:0;--awb-spacing-right-small:2.375%;--awb-spacing-left-small:2.375%;\"><div class=\"fusion-column-wrapper fusion-column-has-shadow fusion-flex-justify-content-flex-start fusion-content-layout-column\"><div class=\"fusion-title title fusion-title-1 fusion-sep-none fusion-title-text fusion-title-size-three\" style=\"--awb-text-color:var(--awb-color1);\"><h3 class=\"fusion-title-heading title-heading-left\" style=\"margin:0;\"><h3 class=\"fusion-responsive-typography-calculated\" data-fontsize=\"32\" data-lineheight=\"40.32px\">INFORMATIONS SUR LA SOCI\u00c9T\u00c9<\/h3><\/h3><\/div><div class=\"fusion-text fusion-text-1\"><p>D\u00e9nomination commerciale :<br \/>\nAdresse :<br \/>\nNum\u00e9ro de t\u00e9l\u00e9phone :<br \/>\nAdresse email :<\/p>\n<p>Forme juridique :<br \/>\nMontant du capital social :<br \/>\nNum\u00e9ro de SIREN \/ SIRET :<br \/>\nNum\u00e9ro RCS :<\/p>\n<p>Autres informations disponibles sur\u00a0<a href=\"https:\/\/www.societe.com\/\">www.societe.com<\/a>.<\/p>\n<\/div><div class=\"fusion-separator fusion-full-width-sep\" style=\"align-self: center;margin-left: auto;margin-right: auto;margin-top:50px;margin-bottom:50px;width:100%;\"><\/div><div class=\"fusion-title title fusion-title-2 fusion-sep-none fusion-title-text fusion-title-size-three\" style=\"--awb-text-color:var(--awb-color1);\"><h3 class=\"fusion-title-heading title-heading-left\" style=\"margin:0;\"><h3 class=\"fusion-responsive-typography-calculated\" data-fontsize=\"32\" data-lineheight=\"40.32px\">H\u00c9BERGEMENT<\/h3><\/h3><\/div><div class=\"fusion-text fusion-text-2\"><div class=\"fusion-text fusion-text-4\">\n<p>Le site est h\u00e9berg\u00e9 par la soci\u00e9t\u00e9 OVH (<a href=\"https:\/\/www.ovh.com\/fr\/\">https:\/\/www.ovh.com\/fr\/<\/a>).<\/p>\n<p>SAS au capital de 10 069 020 \u20ac<br \/>\nRCS Lille M\u00e9tropole 424 761 419 00045<br \/>\nCode APE 2620Z<br \/>\nN\u00b0 TVA : FR 22 424 761 419<br \/>\nSi\u00e8ge social : 2 rue Kellermann \u2013 59100 Roubaix \u2013 France<\/p>\n<\/div>\n<\/div><div class=\"fusion-separator fusion-full-width-sep\" style=\"align-self: center;margin-left: auto;margin-right: auto;margin-top:50px;margin-bottom:50px;width:100%;\"><\/div><div class=\"fusion-title title fusion-title-3 fusion-sep-none fusion-title-text fusion-title-size-three\" style=\"--awb-text-color:var(--awb-color1);\"><h3 class=\"fusion-title-heading title-heading-left\" style=\"margin:0;\"><h3 class=\"fusion-responsive-typography-calculated\" data-fontsize=\"32\" data-lineheight=\"40.32px\">PUBLICATIONS<\/h3><\/h3><\/div><div class=\"fusion-text fusion-text-3\"><div class=\"fusion-text fusion-text-4\">\n<p>Le directeur de publications est :<\/p>\n<p>Mme St\u00e9phanie TALLET<\/p>\n<\/div>\n<\/div><\/div><\/div><\/div><\/div>\n","protected":false},"excerpt":{"rendered":"","protected":false},"author":1,"featured_media":0,"parent":0,"menu_order":0,"comment_status":"closed","ping_status":"closed","template":"","meta":{"footnotes":""},"class_list":["post-2535","page","type-page","status-publish","hentry"],"yoast_head":"<!-- This site is optimized with the Yoast SEO plugin v21.7 - https:\/\/yoast.com\/wordpress\/plugins\/seo\/ -->\n<title>Informations administratives - St\u00e9phanie Sexologue Bordeaux<\/title>\n<meta name=\"robots\" content=\"index, follow, max-snippet:-1, max-image-preview:large, max-video-preview:-1\" \/>\n<link rel=\"canonical\" href=\"https:\/\/stephanie-sexologuebordeaux.fr\/?page_id=2535\" \/>\n<meta property=\"og:locale\" content=\"fr_FR\" \/>\n<meta property=\"og:type\" content=\"article\" \/>\n<meta property=\"og:title\" content=\"Informations administratives - St\u00e9phanie Sexologue Bordeaux\" \/>\n<meta property=\"og:url\" content=\"https:\/\/stephanie-sexologuebordeaux.fr\/?page_id=2535\" \/>\n<meta property=\"og:site_name\" content=\"St\u00e9phanie Sexologue Bordeaux\" \/>\n<meta property=\"article:modified_time\" content=\"2023-11-09T17:33:46+00:00\" \/>\n<meta property=\"og:image\" content=\"https:\/\/stephanie-sexologuebordeaux.fr\/wp-content\/uploads\/2023\/11\/Logo-1200x675-1.png\" \/>\n\t<meta property=\"og:image:width\" content=\"1200\" \/>\n\t<meta property=\"og:image:height\" content=\"675\" \/>\n\t<meta property=\"og:image:type\" content=\"image\/png\" \/>\n<meta name=\"twitter:card\" content=\"summary_large_image\" \/>\n<meta name=\"twitter:label1\" content=\"Dur\u00e9e de lecture estim\u00e9e\" \/>\n\t<meta name=\"twitter:data1\" content=\"10 minutes\" \/>\n<script type=\"application\/ld+json\" class=\"yoast-schema-graph\">{\"@context\":\"https:\/\/schema.org\",\"@graph\":[{\"@type\":\"WebPage\",\"@id\":\"https:\/\/stephanie-sexologuebordeaux.fr\/?page_id=2535\",\"url\":\"https:\/\/stephanie-sexologuebordeaux.fr\/?page_id=2535\",\"name\":\"Informations administratives - St\u00e9phanie Sexologue Bordeaux\",\"isPartOf\":{\"@id\":\"https:\/\/stephanie-sexologuebordeaux.fr\/#website\"},\"datePublished\":\"2023-11-09T17:28:16+00:00\",\"dateModified\":\"2023-11-09T17:33:46+00:00\",\"breadcrumb\":{\"@id\":\"https:\/\/stephanie-sexologuebordeaux.fr\/?page_id=2535#breadcrumb\"},\"inLanguage\":\"fr-FR\",\"potentialAction\":[{\"@type\":\"ReadAction\",\"target\":[\"https:\/\/stephanie-sexologuebordeaux.fr\/?page_id=2535\"]}]},{\"@type\":\"BreadcrumbList\",\"@id\":\"https:\/\/stephanie-sexologuebordeaux.fr\/?page_id=2535#breadcrumb\",\"itemListElement\":[{\"@type\":\"ListItem\",\"position\":1,\"name\":\"Accueil\",\"item\":\"https:\/\/stephanie-sexologuebordeaux.fr\/\"},{\"@type\":\"ListItem\",\"position\":2,\"name\":\"Informations administratives\"}]},{\"@type\":\"WebSite\",\"@id\":\"https:\/\/stephanie-sexologuebordeaux.fr\/#website\",\"url\":\"https:\/\/stephanie-sexologuebordeaux.fr\/\",\"name\":\"stephanie-sexologuebordeaux.fr\",\"description\":\"Sexologue Bordeaux\",\"potentialAction\":[{\"@type\":\"SearchAction\",\"target\":{\"@type\":\"EntryPoint\",\"urlTemplate\":\"https:\/\/stephanie-sexologuebordeaux.fr\/?s={search_term_string}\"},\"query-input\":\"required name=search_term_string\"}],\"inLanguage\":\"fr-FR\"}]}<\/script>\n<!-- \/ Yoast SEO plugin. -->","yoast_head_json":{"title":"Informations administratives - St\u00e9phanie Sexologue Bordeaux","robots":{"index":"index","follow":"follow","max-snippet":"max-snippet:-1","max-image-preview":"max-image-preview:large","max-video-preview":"max-video-preview:-1"},"canonical":"https:\/\/stephanie-sexologuebordeaux.fr\/?page_id=2535","og_locale":"fr_FR","og_type":"article","og_title":"Informations administratives - St\u00e9phanie Sexologue Bordeaux","og_url":"https:\/\/stephanie-sexologuebordeaux.fr\/?page_id=2535","og_site_name":"St\u00e9phanie Sexologue Bordeaux","article_modified_time":"2023-11-09T17:33:46+00:00","og_image":[{"width":1200,"height":675,"url":"https:\/\/stephanie-sexologuebordeaux.fr\/wp-content\/uploads\/2023\/11\/Logo-1200x675-1.png","type":"image\/png"}],"twitter_card":"summary_large_image","twitter_misc":{"Dur\u00e9e de lecture estim\u00e9e":"10 minutes"},"schema":{"@context":"https:\/\/schema.org","@graph":[{"@type":"WebPage","@id":"https:\/\/stephanie-sexologuebordeaux.fr\/?page_id=2535","url":"https:\/\/stephanie-sexologuebordeaux.fr\/?page_id=2535","name":"Informations administratives - St\u00e9phanie Sexologue Bordeaux","isPartOf":{"@id":"https:\/\/stephanie-sexologuebordeaux.fr\/#website"},"datePublished":"2023-11-09T17:28:16+00:00","dateModified":"2023-11-09T17:33:46+00:00","breadcrumb":{"@id":"https:\/\/stephanie-sexologuebordeaux.fr\/?page_id=2535#breadcrumb"},"inLanguage":"fr-FR","potentialAction":[{"@type":"ReadAction","target":["https:\/\/stephanie-sexologuebordeaux.fr\/?page_id=2535"]}]},{"@type":"BreadcrumbList","@id":"https:\/\/stephanie-sexologuebordeaux.fr\/?page_id=2535#breadcrumb","itemListElement":[{"@type":"ListItem","position":1,"name":"Accueil","item":"https:\/\/stephanie-sexologuebordeaux.fr\/"},{"@type":"ListItem","position":2,"name":"Informations administratives"}]},{"@type":"WebSite","@id":"https:\/\/stephanie-sexologuebordeaux.fr\/#website","url":"https:\/\/stephanie-sexologuebordeaux.fr\/","name":"stephanie-sexologuebordeaux.fr","description":"Sexologue Bordeaux","potentialAction":[{"@type":"SearchAction","target":{"@type":"EntryPoint","urlTemplate":"https:\/\/stephanie-sexologuebordeaux.fr\/?s={search_term_string}"},"query-input":"required name=search_term_string"}],"inLanguage":"fr-FR"}]}},"_links":{"self":[{"href":"https:\/\/stephanie-sexologuebordeaux.fr\/index.php?rest_route=\/wp\/v2\/pages\/2535","targetHints":{"allow":["GET"]}}],"collection":[{"href":"https:\/\/stephanie-sexologuebordeaux.fr\/index.php?rest_route=\/wp\/v2\/pages"}],"about":[{"href":"https:\/\/stephanie-sexologuebordeaux.fr\/index.php?rest_route=\/wp\/v2\/types\/page"}],"author":[{"embeddable":true,"href":"https:\/\/stephanie-sexologuebordeaux.fr\/index.php?rest_route=\/wp\/v2\/users\/1"}],"replies":[{"embeddable":true,"href":"https:\/\/stephanie-sexologuebordeaux.fr\/index.php?rest_route=%2Fwp%2Fv2%2Fcomments&post=2535"}],"version-history":[{"count":7,"href":"https:\/\/stephanie-sexologuebordeaux.fr\/index.php?rest_route=\/wp\/v2\/pages\/2535\/revisions"}],"predecessor-version":[{"id":2544,"href":"https:\/\/stephanie-sexologuebordeaux.fr\/index.php?rest_route=\/wp\/v2\/pages\/2535\/revisions\/2544"}],"wp:attachment":[{"href":"https:\/\/stephanie-sexologuebordeaux.fr\/index.php?rest_route=%2Fwp%2Fv2%2Fmedia&parent=2535"}],"curies":[{"name":"wp","href":"https:\/\/api.w.org\/{rel}","templated":true}]}}