{"id":2244,"date":"2023-11-07T15:35:54","date_gmt":"2023-11-07T14:35:54","guid":{"rendered":"http:\/\/stephanie-sexologuebordeaux.fr\/?page_id=2244"},"modified":"2024-01-03T23:50:32","modified_gmt":"2024-01-03T22:50:32","slug":"prendre-rdv","status":"publish","type":"page","link":"https:\/\/stephanie-sexologuebordeaux.fr\/?page_id=2244","title":{"rendered":"Prendre RDV"},"content":{"rendered":"<div class=\"fusion-fullwidth fullwidth-box fusion-builder-row-1 fusion-flex-container nonhundred-percent-fullwidth non-hundred-percent-height-scrolling\" style=\"--awb-border-radius-top-left:0px;--awb-border-radius-top-right:0px;--awb-border-radius-bottom-right:0px;--awb-border-radius-bottom-left:0px;--awb-padding-top:100.6875px;--awb-padding-bottom:100.5px;--awb-background-color:hsla(var(--awb-color3-h),var(--awb-color3-s),var(--awb-color3-l),calc( var(--awb-color3-a) - 40% ));--awb-flex-wrap:wrap;\" ><div class=\"fusion-builder-row fusion-row fusion-flex-align-items-stretch fusion-flex-content-wrap\" style=\"max-width:calc( 1300px + 2.5vw );margin-left: calc(-2.5vw \/ 2 );margin-right: calc(-2.5vw \/ 2 );\"><div class=\"fusion-layout-column fusion_builder_column fusion-builder-column-0 fusion_builder_column_1_3 1_3 fusion-flex-column fusion-animated\" style=\"--awb-padding-top:4vw;--awb-padding-right:2vw;--awb-padding-bottom:4vw;--awb-padding-left:2vw;--awb-padding-top-small:9vw;--awb-padding-right-small:4vw;--awb-padding-bottom-small:9vw;--awb-padding-left-small:4vw;--awb-overflow:hidden;--awb-bg-color:var(--awb-color5);--awb-bg-color-hover:var(--awb-color5);--awb-bg-size:cover;--awb-border-radius:6px 6px 6px 6px;--awb-width-large:33.333333333333%;--awb-margin-top-large:0px;--awb-spacing-right-large:1.25vw;--awb-margin-bottom-large:0px;--awb-spacing-left-large:1.25vw;--awb-width-medium:40%;--awb-order-medium:0;--awb-spacing-right-medium:1.25vw;--awb-spacing-left-medium:1.25vw;--awb-width-small:100%;--awb-order-small:0;--awb-spacing-right-small:1.25vw;--awb-margin-bottom-small:6vw;--awb-spacing-left-small:1.25vw;\" data-animationType=\"fadeInUp\" data-animationDuration=\"1.0\" data-animationOffset=\"top-into-view\"><div class=\"fusion-column-wrapper fusion-column-has-shadow fusion-flex-justify-content-center fusion-content-layout-column\"><i class=\"fb-icon-element-1 fb-icon-element fontawesome-icon fa-user-alt fas circle-yes\" style=\"--awb-circlecolor:rgba(255,255,255,0);--awb-circlecolor-hover:rgba(255,255,255,0);--awb-circlebordercolor:rgba(255,255,255,0);--awb-circlebordercolor-hover:rgba(255,255,255,0);--awb-circlebordersize:0px;--awb-font-size:52.8px;--awb-width:105.6px;--awb-height:105.6px;--awb-line-height:105.6px;--awb-margin-top:0;--awb-margin-right:0;--awb-margin-bottom:0;--awb-margin-left:0;--awb-align-self:center;\"><\/i><div class=\"fusion-title title fusion-title-1 fusion-sep-none fusion-title-center fusion-title-text fusion-title-size-two\" style=\"--awb-text-color:var(--awb-color1);--awb-margin-top:50px;--awb-font-size:32px;\"><h2 class=\"fusion-title-heading title-heading-center\" style=\"margin:0;font-size:1em;\">Consultation individuelle au cabinet<\/h2><\/div><div class=\"fusion-text fusion-text-1\" style=\"--awb-content-alignment:center;--awb-font-size:15px;--awb-line-height:1.9;--awb-text-color:var(--awb-color1);\"><p>Une th\u00e9rapie sur mesure et bienveillante afin de comprendre votre situation et trouver ensemble des solutions pour avancer.<\/p>\n<\/div><div style=\"text-align:center;\"><a class=\"fusion-button button-flat fusion-button-default-size button-custom fusion-button-default button-1 fusion-button-default-span fusion-button-default-type\" style=\"--button_accent_color:var(--awb-color1);--button_accent_hover_color:var(--awb-color5);--button_border_hover_color:var(--awb-color5);--button_border_width-top:1px;--button_border_width-right:1px;--button_border_width-bottom:1px;--button_border_width-left:1px;--button_gradient_top_color:rgba(255,255,255,0);--button_gradient_bottom_color:rgba(255,255,255,0);--button_gradient_top_color_hover:var(--awb-color1);--button_gradient_bottom_color_hover:var(--awb-color1);--button_margin-top:20px;\" target=\"_self\" href=\"http:\/\/stephanie-sexologuebordeaux.fr\/?page_id=1406\"><span class=\"fusion-button-text\">R\u00e9server un s\u00e9ance : 60\u20ac<\/span><\/a><\/div><\/div><\/div><div class=\"fusion-layout-column fusion_builder_column fusion-builder-column-1 fusion_builder_column_1_3 1_3 fusion-flex-column fusion-animated\" style=\"--awb-padding-top:4vw;--awb-padding-right:2vw;--awb-padding-bottom:4vw;--awb-padding-left:2vw;--awb-padding-top-small:9vw;--awb-padding-right-small:4vw;--awb-padding-bottom-small:9vw;--awb-padding-left-small:4vw;--awb-overflow:hidden;--awb-bg-color:#3b3a63;--awb-bg-color-hover:#3b3a63;--awb-bg-size:cover;--awb-border-radius:6px 6px 6px 6px;--awb-width-large:33.333333333333%;--awb-margin-top-large:0px;--awb-spacing-right-large:1.25vw;--awb-margin-bottom-large:0px;--awb-spacing-left-large:1.25vw;--awb-width-medium:40%;--awb-order-medium:0;--awb-spacing-right-medium:1.25vw;--awb-spacing-left-medium:1.25vw;--awb-width-small:100%;--awb-order-small:0;--awb-spacing-right-small:1.25vw;--awb-margin-bottom-small:6vw;--awb-spacing-left-small:1.25vw;\" data-animationType=\"fadeInUp\" data-animationDuration=\"1.0\" data-animationOffset=\"top-into-view\" data-motion-effects=\"[{&quot;type&quot;:&quot;&quot;,&quot;scroll_type&quot;:&quot;transition&quot;,&quot;scroll_direction&quot;:&quot;up&quot;,&quot;transition_speed&quot;:&quot;1&quot;,&quot;fade_type&quot;:&quot;in&quot;,&quot;scale_type&quot;:&quot;up&quot;,&quot;initial_scale&quot;:&quot;1&quot;,&quot;max_scale&quot;:&quot;1.5&quot;,&quot;min_scale&quot;:&quot;0.5&quot;,&quot;initial_rotate&quot;:&quot;0&quot;,&quot;end_rotate&quot;:&quot;30&quot;,&quot;initial_blur&quot;:&quot;0&quot;,&quot;end_blur&quot;:&quot;3&quot;,&quot;start_element&quot;:&quot;top&quot;,&quot;start_viewport&quot;:&quot;bottom&quot;,&quot;end_element&quot;:&quot;bottom&quot;,&quot;end_viewport&quot;:&quot;top&quot;,&quot;mouse_effect&quot;:&quot;track&quot;,&quot;mouse_effect_direction&quot;:&quot;opposite&quot;,&quot;mouse_effect_speed&quot;:&quot;2&quot;,&quot;infinite_animation&quot;:&quot;float&quot;,&quot;infinite_animation_speed&quot;:&quot;2&quot;}]\" data-scroll-devices=\"small-visibility,medium-visibility,large-visibility\"><div class=\"fusion-column-wrapper fusion-column-has-shadow fusion-flex-justify-content-center fusion-content-layout-column\"><div class=\"fusion-image-element \" style=\"text-align:center;--awb-max-width:80px;--awb-caption-title-font-family:var(--h2_typography-font-family);--awb-caption-title-font-weight:var(--h2_typography-font-weight);--awb-caption-title-font-style:var(--h2_typography-font-style);--awb-caption-title-size:var(--h2_typography-font-size);--awb-caption-title-transform:var(--h2_typography-text-transform);--awb-caption-title-line-height:var(--h2_typography-line-height);--awb-caption-title-letter-spacing:var(--h2_typography-letter-spacing);\"><span class=\" fusion-imageframe imageframe-none imageframe-1 hover-type-none\"><img decoding=\"async\" width=\"300\" height=\"300\" title=\"Remote icon\" src=\"https:\/\/stephanie-sexologuebordeaux.fr\/wp-content\/uploads\/2023\/11\/Remote-icon.png\" data-orig-src=\"http:\/\/stephanie-sexologuebordeaux.fr\/wp-content\/uploads\/2023\/11\/Remote-icon-300x300.png\" alt class=\"lazyload img-responsive wp-image-2133\" srcset=\"data:image\/svg+xml,%3Csvg%20xmlns%3D%27http%3A%2F%2Fwww.w3.org%2F2000%2Fsvg%27%20width%3D%276047%27%20height%3D%276047%27%20viewBox%3D%270%200%206047%206047%27%3E%3Crect%20width%3D%276047%27%20height%3D%276047%27%20fill-opacity%3D%220%22%2F%3E%3C%2Fsvg%3E\" data-srcset=\"https:\/\/stephanie-sexologuebordeaux.fr\/wp-content\/uploads\/2023\/11\/Remote-icon-200x200.png 200w, https:\/\/stephanie-sexologuebordeaux.fr\/wp-content\/uploads\/2023\/11\/Remote-icon-400x400.png 400w, https:\/\/stephanie-sexologuebordeaux.fr\/wp-content\/uploads\/2023\/11\/Remote-icon-600x600.png 600w, https:\/\/stephanie-sexologuebordeaux.fr\/wp-content\/uploads\/2023\/11\/Remote-icon-800x800.png 800w, https:\/\/stephanie-sexologuebordeaux.fr\/wp-content\/uploads\/2023\/11\/Remote-icon-1200x1200.png 1200w, https:\/\/stephanie-sexologuebordeaux.fr\/wp-content\/uploads\/2023\/11\/Remote-icon.png 6047w\" data-sizes=\"auto\" data-orig-sizes=\"(max-width: 700px) 100vw, 600px\" \/><\/span><\/div><div class=\"fusion-title title fusion-title-2 fusion-sep-none fusion-title-center fusion-title-text fusion-title-size-two\" style=\"--awb-text-color:var(--awb-color1);--awb-font-size:32px;\"><h2 class=\"fusion-title-heading title-heading-center\" style=\"margin:0;font-size:1em;\">Consultation individuelle en ligne<\/h2><\/div><div class=\"fusion-text fusion-text-2\" style=\"--awb-content-alignment:center;--awb-font-size:15px;--awb-line-height:1.9;--awb-text-color:var(--awb-color1);\"><p>Les s\u00e9ances \u00e0 distance individuelles vous offre la possibilit\u00e9 de consulter en voyage ou si vous ne r\u00e9sidez pas sur Bordeaux. Elles s&rsquo;organisent avec la m\u00eame \u00e9coute et attention qu&rsquo;une consultation sur place.<\/p>\n<\/div><div style=\"text-align:center;\"><a class=\"fusion-button button-flat fusion-button-default-size button-custom fusion-button-default button-2 fusion-button-default-span fusion-button-default-type\" style=\"--button_accent_color:var(--awb-color1);--button_accent_hover_color:var(--awb-color5);--button_border_hover_color:var(--awb-color5);--button_border_width-top:1px;--button_border_width-right:1px;--button_border_width-bottom:1px;--button_border_width-left:1px;--button_gradient_top_color:rgba(255,255,255,0);--button_gradient_bottom_color:rgba(255,255,255,0);--button_gradient_top_color_hover:var(--awb-color1);--button_gradient_bottom_color_hover:var(--awb-color1);--button_margin-top:20px;\" target=\"_self\" href=\"http:\/\/stephanie-sexologuebordeaux.fr\/?page_id=2236\"><span class=\"fusion-button-text\">R\u00e9server un s\u00e9ance : 60\u20ac<\/span><\/a><\/div><\/div><\/div><div class=\"fusion-layout-column fusion_builder_column fusion-builder-column-2 fusion_builder_column_1_3 1_3 fusion-flex-column fusion-no-small-visibility fusion-column-inner-bg-wrapper fusion-animated\" style=\"--awb-padding-top:4vw;--awb-padding-right:3vw;--awb-padding-bottom:4vw;--awb-padding-left:3vw;--awb-overflow:hidden;--awb-inner-bg-position:center top;--awb-inner-bg-blend:color;--awb-inner-bg-size:cover;--awb-border-radius:6px 6px 6px 6px;--awb-inner-bg-border-radius:6px 6px 6px 6px;--awb-inner-bg-overflow:hidden;--awb-filter:saturate(100%) sepia(0%);--awb-filter-transition:filter 0.3s ease;--awb-filter-hover:saturate(133%) sepia(34%);--awb-width-large:33.333333333333%;--awb-margin-top-large:0px;--awb-spacing-right-large:1.25vw;--awb-margin-bottom-large:0px;--awb-spacing-left-large:1.25vw;--awb-width-medium:20%;--awb-order-medium:0;--awb-spacing-right-medium:1.25vw;--awb-spacing-left-medium:1.25vw;--awb-width-small:100%;--awb-order-small:0;--awb-spacing-right-small:1.25vw;--awb-spacing-left-small:1.25vw;\" data-animationType=\"fadeInUp\" data-animationDuration=\"2.0\" data-animationOffset=\"top-into-view\" data-motion-effects=\"[{&quot;type&quot;:&quot;&quot;,&quot;scroll_type&quot;:&quot;transition&quot;,&quot;scroll_direction&quot;:&quot;up&quot;,&quot;transition_speed&quot;:&quot;1&quot;,&quot;fade_type&quot;:&quot;in&quot;,&quot;scale_type&quot;:&quot;up&quot;,&quot;initial_scale&quot;:&quot;1&quot;,&quot;max_scale&quot;:&quot;1.5&quot;,&quot;min_scale&quot;:&quot;0.5&quot;,&quot;initial_rotate&quot;:&quot;0&quot;,&quot;end_rotate&quot;:&quot;30&quot;,&quot;initial_blur&quot;:&quot;0&quot;,&quot;end_blur&quot;:&quot;3&quot;,&quot;start_element&quot;:&quot;top&quot;,&quot;start_viewport&quot;:&quot;bottom&quot;,&quot;end_element&quot;:&quot;bottom&quot;,&quot;end_viewport&quot;:&quot;top&quot;,&quot;mouse_effect&quot;:&quot;track&quot;,&quot;mouse_effect_direction&quot;:&quot;opposite&quot;,&quot;mouse_effect_speed&quot;:&quot;2&quot;,&quot;infinite_animation&quot;:&quot;float&quot;,&quot;infinite_animation_speed&quot;:&quot;2&quot;}]\" data-scroll-devices=\"small-visibility,medium-visibility,large-visibility\"><span class=\"fusion-column-inner-bg hover-type-zoomin\"><a class=\"fusion-column-anchor\" href=\"#\"><span class=\"fusion-column-inner-bg-image lazyload\" data-bg=\"http:\/\/stephanie-sexologuebordeaux.fr\/wp-content\/uploads\/2024\/01\/Bibli.jpg\"><\/span><\/a><\/span><div class=\"fusion-column-wrapper fusion-column-has-shadow fusion-flex-justify-content-flex-start fusion-content-layout-column fusion-column-has-bg-image\" data-bg-url=\"http:\/\/stephanie-sexologuebordeaux.fr\/wp-content\/uploads\/2024\/01\/Bibli.jpg\"><div class=\"fusion-separator fusion-no-medium-visibility fusion-no-large-visibility fusion-full-width-sep\" style=\"align-self: center;margin-left: auto;margin-right: auto;margin-top:22vw;margin-bottom:22vw;width:100%;\"><\/div><\/div><\/div><\/div><\/div>\n","protected":false},"excerpt":{"rendered":"","protected":false},"author":1,"featured_media":0,"parent":0,"menu_order":0,"comment_status":"closed","ping_status":"closed","template":"100-width.php","meta":{"footnotes":""},"class_list":["post-2244","page","type-page","status-publish","hentry"],"yoast_head":"<!-- This site is optimized with the Yoast SEO plugin v21.7 - https:\/\/yoast.com\/wordpress\/plugins\/seo\/ -->\n<title>Prendre RDV - St\u00e9phanie Sexologue Bordeaux<\/title>\n<meta name=\"robots\" content=\"index, follow, max-snippet:-1, max-image-preview:large, max-video-preview:-1\" \/>\n<link rel=\"canonical\" href=\"https:\/\/stephanie-sexologuebordeaux.fr\/?page_id=2244\" \/>\n<meta property=\"og:locale\" content=\"fr_FR\" \/>\n<meta property=\"og:type\" content=\"article\" \/>\n<meta property=\"og:title\" content=\"Prendre RDV - St\u00e9phanie Sexologue Bordeaux\" \/>\n<meta property=\"og:url\" content=\"https:\/\/stephanie-sexologuebordeaux.fr\/?page_id=2244\" \/>\n<meta property=\"og:site_name\" content=\"St\u00e9phanie Sexologue Bordeaux\" \/>\n<meta property=\"article:modified_time\" content=\"2024-01-03T22:50:32+00:00\" \/>\n<meta property=\"og:image\" content=\"https:\/\/stephanie-sexologuebordeaux.fr\/wp-content\/uploads\/2023\/11\/Logo-1200x675-1.png\" \/>\n\t<meta property=\"og:image:width\" content=\"1200\" \/>\n\t<meta property=\"og:image:height\" content=\"675\" \/>\n\t<meta property=\"og:image:type\" content=\"image\/png\" \/>\n<meta name=\"twitter:card\" content=\"summary_large_image\" \/>\n<meta name=\"twitter:label1\" content=\"Dur\u00e9e de lecture estim\u00e9e\" \/>\n\t<meta name=\"twitter:data1\" content=\"1 minute\" \/>\n<script type=\"application\/ld+json\" class=\"yoast-schema-graph\">{\"@context\":\"https:\/\/schema.org\",\"@graph\":[{\"@type\":\"WebPage\",\"@id\":\"https:\/\/stephanie-sexologuebordeaux.fr\/?page_id=2244\",\"url\":\"https:\/\/stephanie-sexologuebordeaux.fr\/?page_id=2244\",\"name\":\"Prendre RDV - St\u00e9phanie Sexologue Bordeaux\",\"isPartOf\":{\"@id\":\"https:\/\/stephanie-sexologuebordeaux.fr\/#website\"},\"datePublished\":\"2023-11-07T14:35:54+00:00\",\"dateModified\":\"2024-01-03T22:50:32+00:00\",\"breadcrumb\":{\"@id\":\"https:\/\/stephanie-sexologuebordeaux.fr\/?page_id=2244#breadcrumb\"},\"inLanguage\":\"fr-FR\",\"potentialAction\":[{\"@type\":\"ReadAction\",\"target\":[\"https:\/\/stephanie-sexologuebordeaux.fr\/?page_id=2244\"]}]},{\"@type\":\"BreadcrumbList\",\"@id\":\"https:\/\/stephanie-sexologuebordeaux.fr\/?page_id=2244#breadcrumb\",\"itemListElement\":[{\"@type\":\"ListItem\",\"position\":1,\"name\":\"Accueil\",\"item\":\"https:\/\/stephanie-sexologuebordeaux.fr\/\"},{\"@type\":\"ListItem\",\"position\":2,\"name\":\"Prendre RDV\"}]},{\"@type\":\"WebSite\",\"@id\":\"https:\/\/stephanie-sexologuebordeaux.fr\/#website\",\"url\":\"https:\/\/stephanie-sexologuebordeaux.fr\/\",\"name\":\"stephanie-sexologuebordeaux.fr\",\"description\":\"Sexologue Bordeaux\",\"potentialAction\":[{\"@type\":\"SearchAction\",\"target\":{\"@type\":\"EntryPoint\",\"urlTemplate\":\"https:\/\/stephanie-sexologuebordeaux.fr\/?s={search_term_string}\"},\"query-input\":\"required name=search_term_string\"}],\"inLanguage\":\"fr-FR\"}]}<\/script>\n<!-- \/ Yoast SEO plugin. -->","yoast_head_json":{"title":"Prendre RDV - St\u00e9phanie Sexologue Bordeaux","robots":{"index":"index","follow":"follow","max-snippet":"max-snippet:-1","max-image-preview":"max-image-preview:large","max-video-preview":"max-video-preview:-1"},"canonical":"https:\/\/stephanie-sexologuebordeaux.fr\/?page_id=2244","og_locale":"fr_FR","og_type":"article","og_title":"Prendre RDV - St\u00e9phanie Sexologue Bordeaux","og_url":"https:\/\/stephanie-sexologuebordeaux.fr\/?page_id=2244","og_site_name":"St\u00e9phanie Sexologue Bordeaux","article_modified_time":"2024-01-03T22:50:32+00:00","og_image":[{"width":1200,"height":675,"url":"https:\/\/stephanie-sexologuebordeaux.fr\/wp-content\/uploads\/2023\/11\/Logo-1200x675-1.png","type":"image\/png"}],"twitter_card":"summary_large_image","twitter_misc":{"Dur\u00e9e de lecture estim\u00e9e":"1 minute"},"schema":{"@context":"https:\/\/schema.org","@graph":[{"@type":"WebPage","@id":"https:\/\/stephanie-sexologuebordeaux.fr\/?page_id=2244","url":"https:\/\/stephanie-sexologuebordeaux.fr\/?page_id=2244","name":"Prendre RDV - St\u00e9phanie Sexologue Bordeaux","isPartOf":{"@id":"https:\/\/stephanie-sexologuebordeaux.fr\/#website"},"datePublished":"2023-11-07T14:35:54+00:00","dateModified":"2024-01-03T22:50:32+00:00","breadcrumb":{"@id":"https:\/\/stephanie-sexologuebordeaux.fr\/?page_id=2244#breadcrumb"},"inLanguage":"fr-FR","potentialAction":[{"@type":"ReadAction","target":["https:\/\/stephanie-sexologuebordeaux.fr\/?page_id=2244"]}]},{"@type":"BreadcrumbList","@id":"https:\/\/stephanie-sexologuebordeaux.fr\/?page_id=2244#breadcrumb","itemListElement":[{"@type":"ListItem","position":1,"name":"Accueil","item":"https:\/\/stephanie-sexologuebordeaux.fr\/"},{"@type":"ListItem","position":2,"name":"Prendre RDV"}]},{"@type":"WebSite","@id":"https:\/\/stephanie-sexologuebordeaux.fr\/#website","url":"https:\/\/stephanie-sexologuebordeaux.fr\/","name":"stephanie-sexologuebordeaux.fr","description":"Sexologue Bordeaux","potentialAction":[{"@type":"SearchAction","target":{"@type":"EntryPoint","urlTemplate":"https:\/\/stephanie-sexologuebordeaux.fr\/?s={search_term_string}"},"query-input":"required name=search_term_string"}],"inLanguage":"fr-FR"}]}},"_links":{"self":[{"href":"https:\/\/stephanie-sexologuebordeaux.fr\/index.php?rest_route=\/wp\/v2\/pages\/2244","targetHints":{"allow":["GET"]}}],"collection":[{"href":"https:\/\/stephanie-sexologuebordeaux.fr\/index.php?rest_route=\/wp\/v2\/pages"}],"about":[{"href":"https:\/\/stephanie-sexologuebordeaux.fr\/index.php?rest_route=\/wp\/v2\/types\/page"}],"author":[{"embeddable":true,"href":"https:\/\/stephanie-sexologuebordeaux.fr\/index.php?rest_route=\/wp\/v2\/users\/1"}],"replies":[{"embeddable":true,"href":"https:\/\/stephanie-sexologuebordeaux.fr\/index.php?rest_route=%2Fwp%2Fv2%2Fcomments&post=2244"}],"version-history":[{"count":15,"href":"https:\/\/stephanie-sexologuebordeaux.fr\/index.php?rest_route=\/wp\/v2\/pages\/2244\/revisions"}],"predecessor-version":[{"id":2843,"href":"https:\/\/stephanie-sexologuebordeaux.fr\/index.php?rest_route=\/wp\/v2\/pages\/2244\/revisions\/2843"}],"wp:attachment":[{"href":"https:\/\/stephanie-sexologuebordeaux.fr\/index.php?rest_route=%2Fwp%2Fv2%2Fmedia&parent=2244"}],"curies":[{"name":"wp","href":"https:\/\/api.w.org\/{rel}","templated":true}]}}